{"id":700,"date":"2021-02-05T16:45:08","date_gmt":"2021-02-05T15:45:08","guid":{"rendered":"https:\/\/pfpa.generationshop.dev\/wie-is-pfpa\/"},"modified":"2024-08-16T15:19:59","modified_gmt":"2024-08-16T13:19:59","slug":"wie-is-pfpa","status":"publish","type":"page","link":"https:\/\/pfpa.be\/fr\/wie-is-pfpa\/","title":{"rendered":"PFPA, qui sommes-nous\u00a0?"},"content":{"rendered":"<div class=\"gs-submenu\"><ul><li><a href=\"https:\/\/pfpa.be\/fr\/wie-is-pfpa\/missie\/\">Mission<\/a><\/li><li><a href=\"https:\/\/pfpa.be\/fr\/wie-is-pfpa\/bestuur\/\">Conseil d\u2019administration<\/a><\/li><li><a href=\"https:\/\/pfpa.be\/fr\/wie-is-pfpa\/leden\/\">Membres<\/a><\/li><li><a href=\"https:\/\/pfpa.be\/fr\/wie-is-pfpa\/lid-worden\/\">Devenir membre?<\/a><\/li><li><a href=\"https:\/\/pfpa.be\/fr\/wie-is-pfpa\/partners\/\">Partenaires<\/a><\/li><\/ul><\/div>\n<div class=\"wp-block-toolset-blocks-container tb-container about-title-container\" data-toolset-blocks-container=\"9976f84b6938ef42edf0bbd2e4a398c5\">\n<h1>PFPA, qui sommes-nous&nbsp;?<\/h1>\n<\/div>\n\n\n\n<div class=\"wp-block-toolset-blocks-container tb-container about-items-wrapper\" data-toolset-blocks-container=\"b28011141335672ebe1f87dfa89397f9\">\n<div class=\"wp-block-toolset-blocks-container tb-container about-items-inner-wrapper\" data-toolset-blocks-container=\"061fc04c2a9286e52ee277edcb5c66e9\">\n<div class=\"wp-block-columns is-layout-flex wp-container-core-columns-is-layout-9d6595d7 wp-block-columns-is-layout-flex\">\n<div class=\"wp-block-column is-layout-flow wp-block-column-is-layout-flow\" style=\"flex-basis:33.33%\"><div class=\"wp-block-image\">\n<figure class=\" tb-image tb-image-media aligncenter\" data-toolset-blocks-image=\"0365c3def4d10764edab16b9beb97706\"><img decoding=\"async\" width=\"234\" height=\"234\" loading=\"lazy\" src=\"https:\/\/pfpa.be\/wp-content\/uploads\/2021\/02\/Missie-icon.png\" alt=\"\" class=\"wp-image-269\" srcset=\"https:\/\/pfpa.be\/wp-content\/uploads\/2021\/02\/Missie-icon.png 234w, https:\/\/pfpa.be\/wp-content\/uploads\/2021\/02\/Missie-icon-150x150.png 150w\" sizes=\"auto, (max-width: 234px) 100vw, 234px\" \/><\/figure>\n<\/div><\/div>\n\n\n\n<div class=\"wp-block-column is-layout-flow wp-block-column-is-layout-flow\" style=\"flex-basis:66.66%\">\n<p>L\u2019asbl PFPA r\u00e9unit des soci\u00e9t\u00e9s qui font autorit\u00e9 sur le march\u00e9 belge en tant que fabricant, importateur ou distributeur de produits ou de syst\u00e8mes susceptibles d\u2019am\u00e9liorer la protection passive contre l\u2019incendie dans les b\u00e2timents.\n<p>\nPFPA est membre de l\u2019Association europ\u00e9enne pour la Protection Passive contre les Incendies (EAPFP) et membre fondateur de l\u2019asbl Fireforum.\n<p>\nLa t\u00e2che principale de la protection incendie passive est d\u2019\u00e9viter les victimes et de limiter les dommages mat\u00e9riels!\n<\/p>\n<p class=\"button-wrapper\"><a href=\"https:\/\/pfpa.be\/fr\/wie-is-pfpa\/missie\/\" class=\"pfpa-button\">En savoir plus<\/a><\/p>\n<\/div>\n<\/div>\n<\/div>\n\n\n\n<p><\/p>\n<\/div>\n\n\n\n<div class=\"wp-block-toolset-blocks-container tb-container about-items-wrapper\" data-toolset-blocks-container=\"b28011141335672ebe1f87dfa89397f9\">\n<div class=\"wp-block-toolset-blocks-container tb-container about-items-inner-wrapper\" data-toolset-blocks-container=\"061fc04c2a9286e52ee277edcb5c66e9\">\n<div class=\"wp-block-columns is-layout-flex wp-container-core-columns-is-layout-9d6595d7 wp-block-columns-is-layout-flex\">\n<div class=\"wp-block-column is-layout-flow wp-block-column-is-layout-flow\" style=\"flex-basis:66.66%\">\n<h3>CONSEIL D&rsquo;ADMINISTRATION<\/h3>\n<p>Qui est qui chez le PFPA?.<\/p>\n<p class=\"button-wrapper\"><a href=\"https:\/\/pfpa.be\/fr\/wie-is-pfpa\/bestuur\/\" class=\"pfpa-button\">En savoir plus<\/a><\/p>\n<\/div>\n\n\n\n<div class=\"wp-block-column is-layout-flow wp-block-column-is-layout-flow\" style=\"flex-basis:33.33%\"><div class=\"wp-block-image\">\n<figure class=\" tb-image tb-image-media aligncenter\" data-toolset-blocks-image=\"30b58e69d0a2bb42896f926d79e44407\"><img decoding=\"async\" loading=\"lazy\" src=\"https:\/\/pfpa.be\/wp-content\/uploads\/2021\/02\/Bestuur-icon-e1612585265433.png\" alt=\"\" class=\"wp-image-282\"\/><\/figure>\n<\/div><\/div>\n<\/div>\n<\/div>\n\n\n\n<p><\/p>\n<\/div>\n\n\n\n<div class=\"wp-block-toolset-blocks-container tb-container about-items-wrapper\" data-toolset-blocks-container=\"b28011141335672ebe1f87dfa89397f9\">\n<div class=\"wp-block-toolset-blocks-container tb-container about-items-inner-wrapper\" data-toolset-blocks-container=\"061fc04c2a9286e52ee277edcb5c66e9\">\n<div class=\"wp-block-columns is-layout-flex wp-container-core-columns-is-layout-9d6595d7 wp-block-columns-is-layout-flex\">\n<div class=\"wp-block-column is-layout-flow wp-block-column-is-layout-flow\" style=\"flex-basis:33.33%\"><div class=\"wp-block-image\">\n<figure class=\" tb-image tb-image-media aligncenter\" data-toolset-blocks-image=\"33fb0236f0a28735ea2c40be51df1d57\"><img decoding=\"async\" width=\"279\" height=\"203\" loading=\"lazy\" src=\"https:\/\/pfpa.be\/wp-content\/uploads\/2021\/02\/Leden-icon.png\" alt=\"\" class=\"wp-image-295\"\/><\/figure>\n<\/div><\/div>\n\n\n\n<div class=\"wp-block-column is-layout-flow wp-block-column-is-layout-flow\" style=\"flex-basis:66.66%\">\n<h3>MEMBRES<\/h3>\n<p>Nos membres.<\/p>\n<p class=\"button-wrapper\"><a href=\"https:\/\/pfpa.be\/fr\/wie-is-pfpa\/leden\/\" class=\"pfpa-button\">En savoir plus<\/a><\/p>\n<\/div>\n<\/div>\n<\/div>\n\n\n\n<p><\/p>\n<\/div>\n\n\n\n<div class=\"wp-block-toolset-blocks-container tb-container about-items-wrapper\" data-toolset-blocks-container=\"b28011141335672ebe1f87dfa89397f9\">\n<div class=\"wp-block-toolset-blocks-container tb-container about-items-inner-wrapper\" data-toolset-blocks-container=\"061fc04c2a9286e52ee277edcb5c66e9\">\n<div class=\"wp-block-columns is-layout-flex wp-container-core-columns-is-layout-9d6595d7 wp-block-columns-is-layout-flex\">\n<div class=\"wp-block-column is-layout-flow wp-block-column-is-layout-flow\" style=\"flex-basis:66.66%\">\n<h3>DEVENIR UN MEMBRE<\/h3>\n<p>Voulez-vous devenir un membre du PFPA?<\/p>\n<p class=\"button-wrapper\"><a href=\"https:\/\/pfpa.be\/fr\/wie-is-pfpa\/lid-worden\/\" class=\"pfpa-button\">En savoir plus<\/a><\/p>\n<\/div>\n\n\n\n<div class=\"wp-block-column is-layout-flow wp-block-column-is-layout-flow\" style=\"flex-basis:33.33%\"><div class=\"wp-block-image\">\n<figure class=\" tb-image tb-image-media aligncenter\" data-toolset-blocks-image=\"d629d207540606eb1b3d752812df3dd4\"><img decoding=\"async\" width=\"251\" height=\"233\" loading=\"lazy\" src=\"https:\/\/pfpa.be\/wp-content\/uploads\/2021\/02\/Lid-worden-icon.png\" alt=\"\" class=\"wp-image-299\"\/><\/figure>\n<\/div><\/div>\n<\/div>\n<\/div>\n\n\n\n<p><\/p>\n<\/div>\n\n\n\n<div class=\"wp-block-toolset-blocks-container tb-container about-items-wrapper\" data-toolset-blocks-container=\"b28011141335672ebe1f87dfa89397f9\">\n<div class=\"wp-block-toolset-blocks-container tb-container about-items-inner-wrapper\" data-toolset-blocks-container=\"061fc04c2a9286e52ee277edcb5c66e9\">\n<div class=\"wp-block-columns is-layout-flex wp-container-core-columns-is-layout-9d6595d7 wp-block-columns-is-layout-flex\">\n<div class=\"wp-block-column is-layout-flow wp-block-column-is-layout-flow\" style=\"flex-basis:33.33%\"><div class=\"wp-block-image\">\n<figure class=\" tb-image tb-image-media aligncenter\" data-toolset-blocks-image=\"bd048efd94865425f25f8f684a6cdd32\"><img decoding=\"async\" width=\"253\" height=\"171\" loading=\"lazy\" src=\"https:\/\/pfpa.be\/wp-content\/uploads\/2021\/02\/Partners-icon-1.png\" alt=\"\" class=\"wp-image-310\"\/><\/figure>\n<\/div><\/div>\n\n\n\n<div class=\"wp-block-column is-layout-flow wp-block-column-is-layout-flow\" style=\"flex-basis:66.66%\">\n<h3>PARTENAIRES<\/h3>\n<p>Nos partenaires.<\/p>\n<p class=\"button-wrapper\"><a href=\"https:\/\/pfpa.be\/fr\/wie-is-pfpa\/partners\/\" class=\"pfpa-button\">En savoir plus<\/a><\/p>\n<\/div>\n<\/div>\n<\/div>\n\n\n\n<p><\/p>\n<\/div>\n","protected":false},"excerpt":{"rendered":"<p>Mission Conseil d\u2019administration Membres Devenir membre? Partenaires<\/p>\n","protected":false},"author":1,"featured_media":0,"parent":0,"menu_order":0,"comment_status":"closed","ping_status":"closed","template":"","meta":{"footnotes":""},"class_list":["post-700","page","type-page","status-publish"],"jetpack_sharing_enabled":true,"_links":{"self":[{"href":"https:\/\/pfpa.be\/fr\/wp-json\/wp\/v2\/pages\/700","targetHints":{"allow":["GET"]}}],"collection":[{"href":"https:\/\/pfpa.be\/fr\/wp-json\/wp\/v2\/pages"}],"about":[{"href":"https:\/\/pfpa.be\/fr\/wp-json\/wp\/v2\/types\/page"}],"author":[{"embeddable":true,"href":"https:\/\/pfpa.be\/fr\/wp-json\/wp\/v2\/users\/1"}],"replies":[{"embeddable":true,"href":"https:\/\/pfpa.be\/fr\/wp-json\/wp\/v2\/comments?post=700"}],"version-history":[{"count":12,"href":"https:\/\/pfpa.be\/fr\/wp-json\/wp\/v2\/pages\/700\/revisions"}],"predecessor-version":[{"id":1320,"href":"https:\/\/pfpa.be\/fr\/wp-json\/wp\/v2\/pages\/700\/revisions\/1320"}],"wp:attachment":[{"href":"https:\/\/pfpa.be\/fr\/wp-json\/wp\/v2\/media?parent=700"}],"curies":[{"name":"wp","href":"https:\/\/api.w.org\/{rel}","templated":true}]}}