{"id":742,"date":"2021-02-12T14:41:47","date_gmt":"2021-02-12T13:41:47","guid":{"rendered":"https:\/\/pfpa.generationshop.dev\/werkgroepen\/"},"modified":"2024-08-16T15:45:04","modified_gmt":"2024-08-16T13:45:04","slug":"werkgroepen","status":"publish","type":"page","link":"https:\/\/pfpa.be\/fr\/werkgroepen\/","title":{"rendered":"Groupes de travail"},"content":{"rendered":"<div class=\"gs-submenu\"><ul><li><a href=\"https:\/\/pfpa.be\/fr\/werkgroep\/traversees-de-parois\/\">Travers\u00e9es de parois<\/a><\/li><li><a href=\"https:\/\/pfpa.be\/fr\/werkgroep\/glas-en-deuren\/\">Vitrage & Portes<\/a><\/li><li><a href=\"https:\/\/pfpa.be\/fr\/werkgroep\/strategie-reglementation\/\">Strat\u00e9gie & R\u00e9glementation<\/a><\/li><li><a href=\"https:\/\/pfpa.be\/fr\/werkgroep\/protection-de-structures-porteuses\/\">Protection de structures porteuses<\/a><\/li><li><a href=\"https:\/\/pfpa.be\/fr\/werkgroep\/werkgroep-1-4\/\">Compartimentage<\/a><\/li><\/ul><\/div>\n<div class=\"wp-block-toolset-blocks-container tb-container page-container\" data-toolset-blocks-container=\"eeeb88dffbfc30819c0cb046dc182d48\">\n<h1>Groupes de travail<\/h1>\r\n\n\n<div class=\"wpv-view-output werkgroepen-view\" data-toolset-views-view-editor=\"62b16bd24d9ca16a079b978b0e461f9a\"><div class=\"wp-block-toolset-views-view-editor\"><div id=\"wpv-view-layout-462\" class=\"js-wpv-view-layout js-wpv-layout-responsive js-wpv-view-layout-462\" data-viewnumber=\"462\" data-pagination=\"{&quot;id&quot;:462,&quot;query&quot;:&quot;normal&quot;,&quot;type&quot;:&quot;disabled&quot;,&quot;effect&quot;:&quot;fade&quot;,&quot;duration&quot;:500,&quot;speed&quot;:5,&quot;pause_on_hover&quot;:&quot;disabled&quot;,&quot;stop_rollover&quot;:&quot;false&quot;,&quot;cache_pages&quot;:&quot;enabled&quot;,&quot;preload_images&quot;:&quot;enabled&quot;,&quot;preload_pages&quot;:&quot;enabled&quot;,&quot;preload_reach&quot;:1,&quot;spinner&quot;:&quot;builtin&quot;,&quot;spinner_image&quot;:&quot;https:\/\/pfpa.be\/wp-content\/plugins\/toolset-blocks\/embedded\/res\/img\/ajax-loader.gif&quot;,&quot;callback_next&quot;:&quot;&quot;,&quot;manage_history&quot;:&quot;enabled&quot;,&quot;has_controls_in_form&quot;:&quot;disabled&quot;,&quot;infinite_tolerance&quot;:&quot;0&quot;,&quot;max_pages&quot;:0,&quot;page&quot;:1,&quot;base_permalink&quot;:&quot;\/fr\/wp-json\/wp\/v2\/pages\/742?wpv_view_count=462&amp;wpv_paged=WPV_PAGE_NUM&quot;,&quot;loop&quot;:{&quot;type&quot;:&quot;&quot;,&quot;name&quot;:&quot;&quot;,&quot;data&quot;:[],&quot;id&quot;:0}}\" data-permalink=\"\/fr\/wp-json\/wp\/v2\/pages\/742?wpv_view_count=462\">\n\n<div class=\"js-wpv-loop-wrapper\">\n\n<div class=\"wp-block-toolset-views-view-template-block wpv-block-loop-item php-to-be-replaced-with-shortcode\" data-toolset-views-view-template-block=\"f1c77b03008272f59506c28ec1dec58f\">\n<div class=\"wp-block-toolset-blocks-container tb-container werkgroepen-container-single\" data-toolset-blocks-container=\"eaae3e5cbc13382f2333edf0faaaa811\"><div class=\"tb-fields-and-text\" data-toolset-blocks-fields-and-text=\"360284519b991feb492b582c7d84725f\">\n<h3>Travers\u00e9es de parois<\/h3>\n<p>\r<\/p>\n<hr>\n<p>\r<br>\n<p>Le groupe de travail <strong><u>&lsquo;Travers\u00e9es&rsquo;<\/u><\/strong> est constitu\u00e9 des principaux fabricants belges\/europ\u00e9ens qui proposent des solutions r\u00e9sistantes au feu pour sceller correctement les p\u00e9n\u00e9trations \u00e9lectriques et sanitaires dans tous les types de murs, plafonds, gaines techniques&#8230;<\/p>\n\r<br>\n<a href=\"https:\/\/pfpa.be\/fr\/werkgroep\/traversees-de-parois\/\" class=\"pfpa-button-sec\" style=\"margin-top: 20px;\">En savoir plus<\/a><\/p><\/div>\n\n\n\n<div class=\"wp-block-toolset-blocks-container tb-container werkgroepen-container-float\" data-toolset-blocks-container=\"e5036e5687569fb946e45fe6b91d8a78\" style=\"background: url(https:\/\/pfpa.be\/wp-content\/uploads\/2021\/02\/afdichten-doorvoeren-002.jpg) center center no-repeat;background-size:cover;\">\n<div class=\"tb-fields-and-text werkgroepen-float-overlay\" data-toolset-blocks-fields-and-text=\"556c576077466fd43dbd093c74fdeef8\"><p>Olivier Schittecatte<\/p>\n<p>Pr\u00e9sident du groupe de travail travers\u00e9es de parois<\/p>\n<p><a href=\"tel:\"><\/a><\/p>\n<p><a style=\"text-decoration: underline;\" href=\"mailto:info@pfpa.be\">Stuur een e-mail<\/a><\/p><\/div>\n<\/div>\n<\/div>\n<\/div>\n\n\n\n<div class=\"wp-block-toolset-views-view-template-block wpv-block-loop-item php-to-be-replaced-with-shortcode\" data-toolset-views-view-template-block=\"f1c77b03008272f59506c28ec1dec58f\">\n<div class=\"wp-block-toolset-blocks-container tb-container werkgroepen-container-single\" data-toolset-blocks-container=\"eaae3e5cbc13382f2333edf0faaaa811\"><div class=\"tb-fields-and-text\" data-toolset-blocks-fields-and-text=\"360284519b991feb492b582c7d84725f\">\n<h3>Strat\u00e9gie &#038; R\u00e9glementation<\/h3>\n<p>\r<\/p>\n<hr>\n<p>\r<br>\n<p>Le groupe de travail \u00ab Strat\u00e9gie et r\u00e9glementation \u00bb se penche sur la r\u00e9glementation en Belgique et la compare aux meilleures pratiques d&rsquo;autres pays, avec l&rsquo;aide de ses membres g\u00e9n\u00e9ralement actifs au niveau europ\u00e9en, afin de pouvoir \u00e9ventuellement attirer l&rsquo;attention sur certains points.<\/p>\n\r<br>\n<a href=\"https:\/\/pfpa.be\/fr\/werkgroep\/strategie-reglementation\/\" class=\"pfpa-button-sec\" style=\"margin-top: 20px;\">En savoir plus<\/a><\/p><\/div>\n\n\n\n<div class=\"wp-block-toolset-blocks-container tb-container werkgroepen-container-float\" data-toolset-blocks-container=\"e5036e5687569fb946e45fe6b91d8a78\" style=\"background: url(https:\/\/pfpa.be\/wp-content\/uploads\/2021\/02\/hero-image.jpg) center center no-repeat;background-size:cover;\">\n<div class=\"tb-fields-and-text werkgroepen-float-overlay\" data-toolset-blocks-fields-and-text=\"556c576077466fd43dbd093c74fdeef8\"><p>Pascal Van Den Heuvel<\/p>\n<p><\/p>\n<p><a href=\"tel:\"><\/a><\/p>\n<p><a style=\"text-decoration: underline;\" href=\"mailto:info@pfpa.be\">Stuur een e-mail<\/a><\/p><\/div>\n<\/div>\n<\/div>\n<\/div>\n\n\n\n<div class=\"wp-block-toolset-views-view-template-block wpv-block-loop-item php-to-be-replaced-with-shortcode\" data-toolset-views-view-template-block=\"f1c77b03008272f59506c28ec1dec58f\">\n<div class=\"wp-block-toolset-blocks-container tb-container werkgroepen-container-single\" data-toolset-blocks-container=\"eaae3e5cbc13382f2333edf0faaaa811\"><div class=\"tb-fields-and-text\" data-toolset-blocks-fields-and-text=\"360284519b991feb492b582c7d84725f\">\n<h3>Protection de structures porteuses<\/h3>\n<p>\r<\/p>\n<hr>\n<p>\r<br>\n<p>Le groupe de travail \u00ab Protection des structures \u00bb se concentre sur le crit\u00e8re \u00ab R \u00bb du b\u00e4timent\/de la construction.<\/p>\n\r<br>\n<a href=\"https:\/\/pfpa.be\/fr\/werkgroep\/protection-de-structures-porteuses\/\" class=\"pfpa-button-sec\" style=\"margin-top: 20px;\">En savoir plus<\/a><\/p><\/div>\n\n\n\n<div class=\"wp-block-toolset-blocks-container tb-container werkgroepen-container-float\" data-toolset-blocks-container=\"e5036e5687569fb946e45fe6b91d8a78\" style=\"background: url(https:\/\/pfpa.be\/wp-content\/uploads\/2021\/02\/Conlit-Steelprotect-Board-scaled.jpg) center center no-repeat;background-size:cover;\">\n<div class=\"tb-fields-and-text werkgroepen-float-overlay\" data-toolset-blocks-fields-and-text=\"556c576077466fd43dbd093c74fdeef8\"><p>Peter Abspoel<\/p>\n<p>Pr\u00e9sident du groupe de travail protection de structures porteuses<\/p>\n<p><a href=\"tel:\"><\/a><\/p>\n<p><a style=\"text-decoration: underline;\" href=\"mailto:info@pfpa.be\">Stuur een e-mail<\/a><\/p><\/div>\n<\/div>\n<\/div>\n<\/div>\n\n\n\n<div class=\"wp-block-toolset-views-view-template-block wpv-block-loop-item php-to-be-replaced-with-shortcode\" data-toolset-views-view-template-block=\"f1c77b03008272f59506c28ec1dec58f\">\n<div class=\"wp-block-toolset-blocks-container tb-container werkgroepen-container-single\" data-toolset-blocks-container=\"eaae3e5cbc13382f2333edf0faaaa811\"><div class=\"tb-fields-and-text\" data-toolset-blocks-fields-and-text=\"360284519b991feb492b582c7d84725f\">\n<h3>Vitrage &#038; Portes<\/h3>\n<p>\r<\/p>\n<hr>\n<p>\r<br>\n<p>Le groupe de travail \u00ab Vitrages et portes \u00bb se charge d&rsquo;informer et de promouvoir sur le march\u00e9 des solutions de vitrages et de portes parfaitement s\u00fbres en cas d&rsquo;incendie.<\/p>\n\r<br>\n<a href=\"https:\/\/pfpa.be\/fr\/werkgroep\/glas-en-deuren\/\" class=\"pfpa-button-sec\" style=\"margin-top: 20px;\">En savoir plus<\/a><\/p><\/div>\n\n\n\n<div class=\"wp-block-toolset-blocks-container tb-container werkgroepen-container-float\" data-toolset-blocks-container=\"e5036e5687569fb946e45fe6b91d8a78\" style=\"background: url(https:\/\/pfpa.be\/wp-content\/uploads\/2021\/03\/Foto-Glas-en-deuren.jpg) center center no-repeat;background-size:cover;\">\n<div class=\"tb-fields-and-text werkgroepen-float-overlay\" data-toolset-blocks-fields-and-text=\"556c576077466fd43dbd093c74fdeef8\"><p>Johan Decrock<\/p>\n<p>Pr\u00e9sident du groupe de travail vitrage et portes<\/p>\n<p><a href=\"tel:\"><\/a><\/p>\n<p><a style=\"text-decoration: underline;\" href=\"mailto:info@pfpa.be\">Stuur een e-mail<\/a><\/p><\/div>\n<\/div>\n<\/div>\n<\/div>\n\n\n\n<div class=\"wp-block-toolset-views-view-template-block wpv-block-loop-item php-to-be-replaced-with-shortcode\" data-toolset-views-view-template-block=\"f1c77b03008272f59506c28ec1dec58f\">\n<div class=\"wp-block-toolset-blocks-container tb-container werkgroepen-container-single\" data-toolset-blocks-container=\"eaae3e5cbc13382f2333edf0faaaa811\"><div class=\"tb-fields-and-text\" data-toolset-blocks-fields-and-text=\"360284519b991feb492b582c7d84725f\">\n<h3>Compartimentage<\/h3>\n<p>\r<\/p>\n<hr>\n<p>\r<br>\n<p>Le groupe de travail \u00ab\u00a0compartimentage\u00a0\u00bb r\u00e9unit les plus grands fabricants sur le march\u00e9 belge de produits et syst\u00e8mes utilisables dans la construction pour cr\u00e9er les compartiments coupe-feu les plus divers : cloisons, plafonds, gaines, gaines techniques, etc.<\/p>\n\r<br>\n<a href=\"https:\/\/pfpa.be\/fr\/werkgroep\/werkgroep-1-4\/\" class=\"pfpa-button-sec\" style=\"margin-top: 20px;\">En savoir plus<\/a><\/p><\/div>\n\n\n\n<div class=\"wp-block-toolset-blocks-container tb-container werkgroepen-container-float\" data-toolset-blocks-container=\"e5036e5687569fb946e45fe6b91d8a78\" style=\"background: url(https:\/\/pfpa.be\/wp-content\/uploads\/2021\/02\/Foto-Compartimentering-website.png) center center no-repeat;background-size:cover;\">\n<div class=\"tb-fields-and-text werkgroepen-float-overlay\" data-toolset-blocks-fields-and-text=\"556c576077466fd43dbd093c74fdeef8\"><p><\/p>\n<p>Pr\u00e9sident du groupe de travail compartimentage<\/p>\n<p><a href=\"tel:\"><\/a><\/p>\n<p><a style=\"text-decoration: underline;\" href=\"mailto:info@pfpa.be\">Stuur een e-mail<\/a><\/p><\/div>\n<\/div>\n<\/div>\n<\/div>\n\n<\/div>\n<\/div><\/div>\n\n<\/div><\/div>\n","protected":false},"excerpt":{"rendered":"<p>Travers\u00e9es de paroisVitrage &#038; PortesStrat\u00e9gie &#038; R\u00e9glementationProtection de structures porteusesCompartimentage<\/p>\n","protected":false},"author":1,"featured_media":0,"parent":0,"menu_order":0,"comment_status":"closed","ping_status":"closed","template":"","meta":{"footnotes":""},"class_list":["post-742","page","type-page","status-publish"],"jetpack_sharing_enabled":true,"_links":{"self":[{"href":"https:\/\/pfpa.be\/fr\/wp-json\/wp\/v2\/pages\/742","targetHints":{"allow":["GET"]}}],"collection":[{"href":"https:\/\/pfpa.be\/fr\/wp-json\/wp\/v2\/pages"}],"about":[{"href":"https:\/\/pfpa.be\/fr\/wp-json\/wp\/v2\/types\/page"}],"author":[{"embeddable":true,"href":"https:\/\/pfpa.be\/fr\/wp-json\/wp\/v2\/users\/1"}],"replies":[{"embeddable":true,"href":"https:\/\/pfpa.be\/fr\/wp-json\/wp\/v2\/comments?post=742"}],"version-history":[{"count":10,"href":"https:\/\/pfpa.be\/fr\/wp-json\/wp\/v2\/pages\/742\/revisions"}],"predecessor-version":[{"id":1326,"href":"https:\/\/pfpa.be\/fr\/wp-json\/wp\/v2\/pages\/742\/revisions\/1326"}],"wp:attachment":[{"href":"https:\/\/pfpa.be\/fr\/wp-json\/wp\/v2\/media?parent=742"}],"curies":[{"name":"wp","href":"https:\/\/api.w.org\/{rel}","templated":true}]}}