{"id":758,"date":"2021-02-18T15:53:38","date_gmt":"2021-02-18T14:53:38","guid":{"rendered":"https:\/\/pfpa.generationshop.dev\/opleidingen\/"},"modified":"2022-07-12T10:56:07","modified_gmt":"2022-07-12T08:56:07","slug":"opleidingen","status":"publish","type":"page","link":"https:\/\/pfpa.be\/fr\/opleidingen\/","title":{"rendered":"Formations"},"content":{"rendered":"\n<div class=\"wp-block-toolset-blocks-container tb-container training-container\" data-toolset-blocks-container=\"4e6fe395d3e3ff088b04ea4c77c85a33\">\n<h1>Formations<\/h1>\n<hr>\n\n\n<div class=\"wpv-view-output\" data-toolset-views-view-editor=\"070b28b76fa2164006925d708eddf550\"><div class=\"wp-block-toolset-views-view-editor\"><div id=\"wpv-view-layout-540\" class=\"js-wpv-view-layout js-wpv-layout-responsive js-wpv-view-layout-540\" data-viewnumber=\"540\" data-pagination=\"{&quot;id&quot;:540,&quot;query&quot;:&quot;normal&quot;,&quot;type&quot;:&quot;paged&quot;,&quot;effect&quot;:&quot;fade&quot;,&quot;duration&quot;:500,&quot;speed&quot;:5,&quot;pause_on_hover&quot;:&quot;disabled&quot;,&quot;stop_rollover&quot;:&quot;false&quot;,&quot;cache_pages&quot;:&quot;enabled&quot;,&quot;preload_images&quot;:&quot;enabled&quot;,&quot;preload_pages&quot;:&quot;enabled&quot;,&quot;preload_reach&quot;:1,&quot;spinner&quot;:&quot;builtin&quot;,&quot;spinner_image&quot;:&quot;https:\/\/pfpa.be\/wp-content\/plugins\/toolset-blocks\/embedded\/res\/img\/ajax-loader.svg&quot;,&quot;callback_next&quot;:&quot;&quot;,&quot;manage_history&quot;:&quot;enabled&quot;,&quot;has_controls_in_form&quot;:&quot;disabled&quot;,&quot;infinite_tolerance&quot;:&quot;0&quot;,&quot;max_pages&quot;:1,&quot;page&quot;:1,&quot;base_permalink&quot;:&quot;\/fr\/wp-json\/wp\/v2\/pages\/758?wpv_view_count=540&amp;wpv_paged=WPV_PAGE_NUM&quot;,&quot;loop&quot;:{&quot;type&quot;:&quot;&quot;,&quot;name&quot;:&quot;&quot;,&quot;data&quot;:[],&quot;id&quot;:0}}\" data-permalink=\"\/fr\/wp-json\/wp\/v2\/pages\/758?wpv_view_count=540\">\n\n<div class=\"js-wpv-loop-wrapper\"><div class=\"tb-grid\"><div class=\"tb-grid-column\">\n\n<div class=\"wp-block-toolset-views-view-template-block wpv-block-loop-item php-to-be-replaced-with-shortcode\" data-toolset-views-view-template-block=\"f01bc00203ecdb58ce3a7312ad5aea14\">\n<div class=\"wp-block-toolset-blocks-container tb-container opleidingen-single-wrapper\" data-toolset-blocks-container=\"cf51a008f67fc7ad7398679df38dd6ed\">\n<div class=\"wp-block-toolset-blocks-container tb-container opleidingen-single-text\" data-toolset-blocks-container=\"f45a5f3c55f90ef02684117e5608ccb7\">\n<div class=\"tb-fields-and-text\" data-toolset-blocks-fields-and-text=\"360284519b991feb492b582c7d84725f\"><h3>A-First &#8211; Cours sup\u00e9rieur pr\u00e9vention incendie (A1) (FR) 19\/09\/2024 &#8211; Louvain-La-Neuve<\/h3>\n<p>Cette formation s\u2019adresse \u00e0 toute personne devant prendre des initiatives en mati\u00e8re de pr\u00e9vention incendie : conseillers en pr\u00e9vention, assureurs, fonctionnaires, experts, bureaux d\u2019\u00e9tude, ing\u00e9nieurs conseils, architectes, coordinateurs de chantiers, etc.<br \/>\nC\u2019est un compl\u00e9ment essentiel pour toute personne travaillant dans le secteur de la pr\u00e9vention incendie.<\/p>\n<p>Acqu\u00e9rir une connaissance globale et approfondie des \u00e9l\u00e9ments relatifs \u00e0 la protection et \u00e0 la pr\u00e9vention incendie pour pouvoir \u00e9valuer et proposer des am\u00e9liorations acceptables en mati\u00e8re de pr\u00e9vention et de protection incendie dans un cas concret.<\/p>\n\n<p class=\"location\"><span class=\"location-icon\">Parc Scientifique Fleming - Granbonpr\u00e9, 1 - 1348 Louvain-la-Neuve<\/span><\/p>\n<p class=\"date\"><span class=\"date-icon\">19.09.2024<\/span><\/p>\n<p class=\"price\">\u20ac <\/p><\/div>\n<\/div>\n\n\n\n<div class=\"wp-block-toolset-blocks-container tb-container opleidingen-single-button\" data-toolset-blocks-container=\"7178d1c0e412aeed8391e305483ded01\">\n<div class=\"tb-fields-and-text\" data-toolset-blocks-fields-and-text=\"360284519b991feb492b582c7d84725f\"><p><a href=\"https:\/\/www.afirst.be\/fr\/formation\/cours-superieur-prevention-incendie-a1-module-02\" class=\"training-button\" target=\"_blank\" rel=\"noopener\">S\u2019enr\u00e9gistrer<\/a><\/p><\/div>\n<\/div>\n<\/div>\n<\/div>\n\n<\/div><\/div><\/div>\n\n\n<div class=\"wpv-pagination-previous-next-buttons\" data-toolset-views-view-pagination-block=\"419aa93793c02c6e2ce9fa65904b183f\"><\/div>\n\n<\/div><\/div><form autocomplete=\"off\" name=\"wpv-filter-540\" action=\"\/fr\/wp-json\/wp\/v2\/pages\/758?wpv_view_count=540\" method=\"get\" class=\"wpv-filter-form js-wpv-filter-form js-wpv-filter-form-540 js-wpv-form-full\" data-viewnumber=\"540\" data-viewid=\"540\" data-viewhash=\"eyJuYW1lIjoib3BsZWlkaW5nZW4tcGFnZSJ9\" data-viewwidgetid=\"0\" data-orderby=\"\" data-order=\"\" data-orderbyas=\"\" data-orderbysecond=\"\" data-ordersecond=\"\" data-parametric=\"{&quot;query&quot;:&quot;normal&quot;,&quot;id&quot;:540,&quot;view_id&quot;:540,&quot;widget_id&quot;:0,&quot;view_hash&quot;:&quot;540&quot;,&quot;action&quot;:&quot;\\\/fr\\\/wp-json\\\/wp\\\/v2\\\/pages\\\/758?wpv_view_count=540&quot;,&quot;sort&quot;:{&quot;orderby&quot;:&quot;&quot;,&quot;order&quot;:&quot;&quot;,&quot;orderby_as&quot;:&quot;&quot;,&quot;orderby_second&quot;:&quot;&quot;,&quot;order_second&quot;:&quot;&quot;},&quot;orderby&quot;:&quot;&quot;,&quot;order&quot;:&quot;&quot;,&quot;orderby_as&quot;:&quot;&quot;,&quot;orderby_second&quot;:&quot;&quot;,&quot;order_second&quot;:&quot;&quot;,&quot;ajax_form&quot;:&quot;&quot;,&quot;ajax_results&quot;:&quot;&quot;,&quot;effect&quot;:&quot;fade&quot;,&quot;prebefore&quot;:&quot;&quot;,&quot;before&quot;:&quot;&quot;,&quot;after&quot;:&quot;&quot;,&quot;attributes&quot;:[],&quot;environment&quot;:{&quot;current_post_id&quot;:758,&quot;parent_post_id&quot;:758,&quot;parent_term_id&quot;:0,&quot;parent_user_id&quot;:0,&quot;archive&quot;:{&quot;type&quot;:&quot;&quot;,&quot;name&quot;:&quot;&quot;,&quot;data&quot;:[]}},&quot;loop&quot;:{&quot;type&quot;:&quot;&quot;,&quot;name&quot;:&quot;&quot;,&quot;data&quot;:[],&quot;id&quot;:0}}\" data-attributes=\"[]\" data-environment=\"{&quot;current_post_id&quot;:758,&quot;parent_post_id&quot;:758,&quot;parent_term_id&quot;:0,&quot;parent_user_id&quot;:0,&quot;archive&quot;:{&quot;type&quot;:&quot;&quot;,&quot;name&quot;:&quot;&quot;,&quot;data&quot;:[]}}\"><input type=\"hidden\" class=\"js-wpv-dps-filter-data js-wpv-filter-data-for-this-form\" data-action=\"\/fr\/wp-json\/wp\/v2\/pages\/758?wpv_view_count=540\" data-page=\"1\" data-ajax=\"disable\" data-effect=\"fade\" data-maxpages=\"1\" data-ajaxprebefore=\"\" data-ajaxbefore=\"\" data-ajaxafter=\"\" \/><input class=\"wpv_view_count wpv_view_count-540\" type=\"hidden\" name=\"wpv_view_count\" value=\"540\" \/>\n\n<\/form><\/div><\/div>\n","protected":false},"excerpt":{"rendered":"","protected":false},"author":1,"featured_media":0,"parent":0,"menu_order":0,"comment_status":"closed","ping_status":"closed","template":"","meta":{"footnotes":""},"class_list":["post-758","page","type-page","status-publish"],"jetpack_sharing_enabled":true,"_links":{"self":[{"href":"https:\/\/pfpa.be\/fr\/wp-json\/wp\/v2\/pages\/758","targetHints":{"allow":["GET"]}}],"collection":[{"href":"https:\/\/pfpa.be\/fr\/wp-json\/wp\/v2\/pages"}],"about":[{"href":"https:\/\/pfpa.be\/fr\/wp-json\/wp\/v2\/types\/page"}],"author":[{"embeddable":true,"href":"https:\/\/pfpa.be\/fr\/wp-json\/wp\/v2\/users\/1"}],"replies":[{"embeddable":true,"href":"https:\/\/pfpa.be\/fr\/wp-json\/wp\/v2\/comments?post=758"}],"version-history":[{"count":5,"href":"https:\/\/pfpa.be\/fr\/wp-json\/wp\/v2\/pages\/758\/revisions"}],"predecessor-version":[{"id":1148,"href":"https:\/\/pfpa.be\/fr\/wp-json\/wp\/v2\/pages\/758\/revisions\/1148"}],"wp:attachment":[{"href":"https:\/\/pfpa.be\/fr\/wp-json\/wp\/v2\/media?parent=758"}],"curies":[{"name":"wp","href":"https:\/\/api.w.org\/{rel}","templated":true}]}}